{"id":5528,"date":"2023-03-24T10:31:01","date_gmt":"2023-03-24T08:31:01","guid":{"rendered":"https:\/\/icomuni.cat\/quienes-somos\/"},"modified":"2025-02-21T11:09:49","modified_gmt":"2025-02-21T09:09:49","slug":"quienes-somos","status":"publish","type":"page","link":"https:\/\/icomuni.cat\/es\/quienes-somos\/","title":{"rendered":"Qui\u00e9nes somos"},"content":{"rendered":"\t\t<div data-elementor-type=\"wp-page\" data-elementor-id=\"5528\" class=\"elementor elementor-5528 elementor-5352\" data-elementor-post-type=\"page\">\n\t\t\t\t\t\t<section class=\"elementor-section elementor-top-section elementor-element elementor-element-5bff36b elementor-section-boxed elementor-section-height-default elementor-section-height-default\" data-id=\"5bff36b\" data-element_type=\"section\">\n\t\t\t\t\t\t<div class=\"elementor-container elementor-column-gap-default\">\n\t\t\t\t\t<div class=\"elementor-column elementor-col-100 elementor-top-column elementor-element elementor-element-d3158c6\" data-id=\"d3158c6\" data-element_type=\"column\">\n\t\t\t<div class=\"elementor-widget-wrap elementor-element-populated\">\n\t\t\t\t\t\t<section class=\"elementor-section elementor-inner-section elementor-element elementor-element-f74e44f elementor-section-boxed elementor-section-height-default elementor-section-height-default\" data-id=\"f74e44f\" data-element_type=\"section\">\n\t\t\t\t\t\t<div class=\"elementor-container elementor-column-gap-default\">\n\t\t\t\t\t<div class=\"elementor-column elementor-col-50 elementor-inner-column elementor-element elementor-element-7c5100b\" data-id=\"7c5100b\" data-element_type=\"column\">\n\t\t\t<div class=\"elementor-widget-wrap\">\n\t\t\t\t\t\t\t<\/div>\n\t\t<\/div>\n\t\t\t\t<div class=\"elementor-column elementor-col-50 elementor-inner-column elementor-element elementor-element-bd9e766\" data-id=\"bd9e766\" data-element_type=\"column\">\n\t\t\t<div class=\"elementor-widget-wrap\">\n\t\t\t\t\t\t\t<\/div>\n\t\t<\/div>\n\t\t\t\t\t<\/div>\n\t\t<\/section>\n\t\t\t\t<div class=\"elementor-element elementor-element-e70c191 elementor-widget elementor-widget-spacer\" data-id=\"e70c191\" data-element_type=\"widget\" data-widget_type=\"spacer.default\">\n\t\t\t\t\t\t\t<div class=\"elementor-spacer\">\n\t\t\t<div class=\"elementor-spacer-inner\"><\/div>\n\t\t<\/div>\n\t\t\t\t\t\t<\/div>\n\t\t\t\t\t<\/div>\n\t\t<\/div>\n\t\t\t\t\t<\/div>\n\t\t<\/section>\n\t\t\t\t<section class=\"elementor-section elementor-top-section elementor-element elementor-element-5b095fb elementor-section-boxed elementor-section-height-default elementor-section-height-default\" data-id=\"5b095fb\" data-element_type=\"section\" id=\"prueba\" data-settings=\"{&quot;background_background&quot;:&quot;classic&quot;}\">\n\t\t\t\t\t\t\t<div class=\"elementor-background-overlay\"><\/div>\n\t\t\t\t\t\t\t<div class=\"elementor-container elementor-column-gap-default\">\n\t\t\t\t\t<div class=\"elementor-column elementor-col-100 elementor-top-column elementor-element elementor-element-5cf8d1c7\" data-id=\"5cf8d1c7\" data-element_type=\"column\" data-settings=\"{&quot;background_background&quot;:&quot;classic&quot;}\">\n\t\t\t<div class=\"elementor-widget-wrap elementor-element-populated\">\n\t\t\t\t\t<div class=\"elementor-background-overlay\"><\/div>\n\t\t\t\t\t\t<section class=\"elementor-section elementor-inner-section elementor-element elementor-element-77a1cab9 elementor-section-boxed elementor-section-height-default elementor-section-height-default\" data-id=\"77a1cab9\" data-element_type=\"section\">\n\t\t\t\t\t\t<div class=\"elementor-container elementor-column-gap-default\">\n\t\t\t\t\t<div class=\"elementor-column elementor-col-33 elementor-inner-column elementor-element elementor-element-3c9f1c9 animated-slow elementor-invisible\" data-id=\"3c9f1c9\" data-element_type=\"column\" data-settings=\"{&quot;background_background&quot;:&quot;classic&quot;,&quot;animation&quot;:&quot;zoomIn&quot;}\">\n\t\t\t<div class=\"elementor-widget-wrap elementor-element-populated\">\n\t\t\t\t\t<div class=\"elementor-background-overlay\"><\/div>\n\t\t\t\t\t\t<div class=\"elementor-element elementor-element-369f5e5 elementor-widget__width-initial elementor-widget elementor-widget-image\" data-id=\"369f5e5\" data-element_type=\"widget\" data-widget_type=\"image.default\">\n\t\t\t\t\t\t\t\t\t\t\t\t\t\t\t<img decoding=\"async\" src=\"https:\/\/icomuni.cat\/wp-content\/uploads\/elementor\/thumbs\/Mila-WEB-y-SEO-1-r1tq53sba8anwpb5ybizyx5vj07zd7kfye757zo2ow.png\" title=\"Mila-WEB-y-SEO.png\" alt=\"Mila-WEB-y-SEO.png\" loading=\"lazy\" \/>\t\t\t\t\t\t\t\t\t\t\t\t\t\t\t<\/div>\n\t\t\t\t<div class=\"elementor-element elementor-element-8a1dbd0 elementor-widget elementor-widget-button\" data-id=\"8a1dbd0\" data-element_type=\"widget\" data-widget_type=\"button.default\">\n\t\t\t\t\t\t\t\t\t\t<a class=\"elementor-button elementor-button-link elementor-size-sm\" href=\"https:\/\/icomuni.cat\/es\/diseno-web-y-diseno-grafico\/#webmaster\">\n\t\t\t\t\t\t<span class=\"elementor-button-content-wrapper\">\n\t\t\t\t\t\t\t\t\t<span class=\"elementor-button-text\">Webmaster<\/span>\n\t\t\t\t\t<\/span>\n\t\t\t\t\t<\/a>\n\t\t\t\t\t\t\t\t<\/div>\n\t\t\t\t<div class=\"elementor-element elementor-element-cd5504e elementor-widget elementor-widget-text-editor\" data-id=\"cd5504e\" data-element_type=\"widget\" data-widget_type=\"text-editor.default\">\n\t\t\t\t\t\t\t\t\t<h5 class=\"gmail_default\">Soy Mila Zegarra, webmaster y desarrolladora de p\u00e1ginas web. Desde 2023, ayudo a pymes y aut\u00f3nomos a crear su presencia online con sitios web funcionales y optimizados.<\/h5><h5 class=\"gmail_default\">Con experiencia en dise\u00f1o web intuitivo, SEO y soluciones digitales, ofrezco webs profesionales para impulsar negocios.<\/h5>\t\t\t\t\t\t\t\t<\/div>\n\t\t\t\t\t<\/div>\n\t\t<\/div>\n\t\t\t\t<div class=\"elementor-column elementor-col-33 elementor-inner-column elementor-element elementor-element-236d1541 animated-slow elementor-invisible\" data-id=\"236d1541\" data-element_type=\"column\" data-settings=\"{&quot;background_background&quot;:&quot;classic&quot;,&quot;animation&quot;:&quot;zoomIn&quot;}\">\n\t\t\t<div class=\"elementor-widget-wrap elementor-element-populated\">\n\t\t\t\t\t<div class=\"elementor-background-overlay\"><\/div>\n\t\t\t\t\t\t<div class=\"elementor-element elementor-element-648ac382 elementor-widget__width-initial elementor-widget elementor-widget-image\" data-id=\"648ac382\" data-element_type=\"widget\" data-widget_type=\"image.default\">\n\t\t\t\t\t\t\t\t\t\t\t\t\t\t\t<img decoding=\"async\" src=\"https:\/\/icomuni.cat\/wp-content\/uploads\/elementor\/thumbs\/49077843_10218541911367352_7285273585042587648_n-qccgh08wnjyln0q9s2yvzxrxj40gkpzav7clp1rq8w.jpg\" title=\"49077843_10218541911367352_7285273585042587648_n\" alt=\"49077843_10218541911367352_7285273585042587648_n\" loading=\"lazy\" \/>\t\t\t\t\t\t\t\t\t\t\t\t\t\t\t<\/div>\n\t\t\t\t<div class=\"elementor-element elementor-element-5da3bb2b elementor-widget elementor-widget-button\" data-id=\"5da3bb2b\" data-element_type=\"widget\" data-widget_type=\"button.default\">\n\t\t\t\t\t\t\t\t\t\t<a class=\"elementor-button elementor-button-link elementor-size-sm\" href=\"https:\/\/icomuni.cat\/marqueting-digital\/SEO\">\n\t\t\t\t\t\t<span class=\"elementor-button-content-wrapper\">\n\t\t\t\t\t\t\t\t\t<span class=\"elementor-button-text\">SEO<\/span>\n\t\t\t\t\t<\/span>\n\t\t\t\t\t<\/a>\n\t\t\t\t\t\t\t\t<\/div>\n\t\t\t\t<div class=\"elementor-element elementor-element-1e6a450c elementor-widget elementor-widget-button\" data-id=\"1e6a450c\" data-element_type=\"widget\" data-widget_type=\"button.default\">\n\t\t\t\t\t\t\t\t\t\t<a class=\"elementor-button elementor-button-link elementor-size-sm\" href=\"https:\/\/icomuni.cat\/marqueting-digital\/SEM\">\n\t\t\t\t\t\t<span class=\"elementor-button-content-wrapper\">\n\t\t\t\t\t\t\t\t\t<span class=\"elementor-button-text\">SEM<\/span>\n\t\t\t\t\t<\/span>\n\t\t\t\t\t<\/a>\n\t\t\t\t\t\t\t\t<\/div>\n\t\t\t\t<div class=\"elementor-element elementor-element-4cea6259 elementor-widget__width-initial elementor-widget elementor-widget-text-editor\" data-id=\"4cea6259\" data-element_type=\"widget\" data-widget_type=\"text-editor.default\">\n\t\t\t\t\t\t\t\t\t<h5 class=\"whitespace-pre-wrap break-words\">Soy Cristian Caballero, fundador de Icomunica&#8217;t. Desde 2015 como aut\u00f3nomo, gestiono un equipo de profesionales en marketing digital, dise\u00f1o y contenidos.<\/h5><h5 class=\"whitespace-pre-wrap break-words\">Con m\u00e1s de 20 a\u00f1os de experiencia en SEO, SEM, programaci\u00f3n y dise\u00f1o web, ofrecemos soluciones integrales de marketing digital.<\/h5>\t\t\t\t\t\t\t\t<\/div>\n\t\t\t\t\t<\/div>\n\t\t<\/div>\n\t\t\t\t<div class=\"elementor-column elementor-col-33 elementor-inner-column elementor-element elementor-element-28dcbc79 animated-slow elementor-invisible\" data-id=\"28dcbc79\" data-element_type=\"column\" data-settings=\"{&quot;background_background&quot;:&quot;classic&quot;,&quot;animation&quot;:&quot;zoomIn&quot;}\">\n\t\t\t<div class=\"elementor-widget-wrap elementor-element-populated\">\n\t\t\t\t\t<div class=\"elementor-background-overlay\"><\/div>\n\t\t\t\t\t\t<div class=\"elementor-element elementor-element-2ea6c8e0 elementor-widget__width-initial elementor-widget elementor-widget-image\" data-id=\"2ea6c8e0\" data-element_type=\"widget\" data-widget_type=\"image.default\">\n\t\t\t\t\t\t\t\t\t\t\t\t\t\t\t<img decoding=\"async\" src=\"https:\/\/icomuni.cat\/wp-content\/uploads\/elementor\/thumbs\/belinda-q3z8cb83g39nhu39kf5xx5ymlc77kpx6qkb8piz9uo.png\" title=\"belinda\" alt=\"belinda\" loading=\"lazy\" \/>\t\t\t\t\t\t\t\t\t\t\t\t\t\t\t<\/div>\n\t\t\t\t<div class=\"elementor-element elementor-element-64c45f6c elementor-widget elementor-widget-button\" data-id=\"64c45f6c\" data-element_type=\"widget\" data-widget_type=\"button.default\">\n\t\t\t\t\t\t\t\t\t\t<a class=\"elementor-button elementor-button-link elementor-size-sm\" href=\"https:\/\/icomuni.cat\/marqueting-digital\/#CM\">\n\t\t\t\t\t\t<span class=\"elementor-button-content-wrapper\">\n\t\t\t\t\t\t\t\t\t<span class=\"elementor-button-text\">Community Manager<\/span>\n\t\t\t\t\t<\/span>\n\t\t\t\t\t<\/a>\n\t\t\t\t\t\t\t\t<\/div>\n\t\t\t\t<div class=\"elementor-element elementor-element-21c61a04 elementor-widget elementor-widget-button\" data-id=\"21c61a04\" data-element_type=\"widget\" data-widget_type=\"button.default\">\n\t\t\t\t\t\t\t\t\t\t<a class=\"elementor-button elementor-button-link elementor-size-sm\" href=\"https:\/\/icomuni.cat\/es\/edicion-y-creacion-de-contenidos\/#RRSS\">\n\t\t\t\t\t\t<span class=\"elementor-button-content-wrapper\">\n\t\t\t\t\t\t\t\t\t<span class=\"elementor-button-text\">Copywriting<\/span>\n\t\t\t\t\t<\/span>\n\t\t\t\t\t<\/a>\n\t\t\t\t\t\t\t\t<\/div>\n\t\t\t\t<div class=\"elementor-element elementor-element-27ee3c6 elementor-widget elementor-widget-text-editor\" data-id=\"27ee3c6\" data-element_type=\"widget\" data-widget_type=\"text-editor.default\">\n\t\t\t\t\t\t\t\t\t<h5 class=\"whitespace-pre-wrap break-words\">Soy Belinda Caballero, fot\u00f3grafa y Social Media Manager. Capturo momentos \u00fanicos y creo contenido que conecta con la comunidad digital.<\/h5><h5 class=\"whitespace-pre-wrap break-words\">Con experiencia en fotograf\u00eda y gesti\u00f3n de redes sociales, me mantengo al d\u00eda con las \u00faltimas tendencias para ofrecer contenido innovador y de calidad.<\/h5>\t\t\t\t\t\t\t\t<\/div>\n\t\t\t\t\t<\/div>\n\t\t<\/div>\n\t\t\t\t\t<\/div>\n\t\t<\/section>\n\t\t\t\t\t<\/div>\n\t\t<\/div>\n\t\t\t\t\t<\/div>\n\t\t<\/section>\n\t\t\t\t<\/div>\n\t\t","protected":false},"excerpt":{"rendered":"","protected":false},"author":1,"featured_media":0,"parent":0,"menu_order":0,"comment_status":"closed","ping_status":"closed","template":"","meta":{"content-type":"","inline_featured_image":false,"footnotes":""},"class_list":{"0":"post-5528","1":"page","2":"type-page","3":"status-publish","5":"no-featured-image-padding"},"aioseo_notices":[],"_links":{"self":[{"href":"https:\/\/icomuni.cat\/es\/wp-json\/wp\/v2\/pages\/5528","targetHints":{"allow":["GET"]}}],"collection":[{"href":"https:\/\/icomuni.cat\/es\/wp-json\/wp\/v2\/pages"}],"about":[{"href":"https:\/\/icomuni.cat\/es\/wp-json\/wp\/v2\/types\/page"}],"author":[{"embeddable":true,"href":"https:\/\/icomuni.cat\/es\/wp-json\/wp\/v2\/users\/1"}],"replies":[{"embeddable":true,"href":"https:\/\/icomuni.cat\/es\/wp-json\/wp\/v2\/comments?post=5528"}],"version-history":[{"count":57,"href":"https:\/\/icomuni.cat\/es\/wp-json\/wp\/v2\/pages\/5528\/revisions"}],"predecessor-version":[{"id":6456,"href":"https:\/\/icomuni.cat\/es\/wp-json\/wp\/v2\/pages\/5528\/revisions\/6456"}],"wp:attachment":[{"href":"https:\/\/icomuni.cat\/es\/wp-json\/wp\/v2\/media?parent=5528"}],"curies":[{"name":"wp","href":"https:\/\/api.w.org\/{rel}","templated":true}]}}