{"id":5462,"date":"2021-05-24T17:19:08","date_gmt":"2021-05-24T15:19:08","guid":{"rendered":"https:\/\/icomuni.cat\/consultoria\/"},"modified":"2025-03-28T12:04:00","modified_gmt":"2025-03-28T10:04:00","slug":"consultoria","status":"publish","type":"page","link":"https:\/\/icomuni.cat\/es\/consultoria\/","title":{"rendered":"Consultor\u00eda"},"content":{"rendered":"\t\t<div data-elementor-type=\"wp-page\" data-elementor-id=\"5462\" class=\"elementor elementor-5462 elementor-4866\" data-elementor-post-type=\"page\">\n\t\t\t\t\t\t<section class=\"elementor-section elementor-top-section elementor-element elementor-element-a0da9f2 elementor-section-content-middle overflow-x-hidden elementor-section-boxed elementor-section-height-default elementor-section-height-default\" data-id=\"a0da9f2\" data-element_type=\"section\" data-settings=\"{&quot;background_background&quot;:&quot;classic&quot;}\">\n\t\t\t\t\t\t\t<div class=\"elementor-background-overlay\"><\/div>\n\t\t\t\t\t\t\t<div class=\"elementor-container elementor-column-gap-default\">\n\t\t\t\t\t<div class=\"elementor-column elementor-col-100 elementor-top-column elementor-element elementor-element-6f49ee47\" data-id=\"6f49ee47\" data-element_type=\"column\">\n\t\t\t<div class=\"elementor-widget-wrap elementor-element-populated\">\n\t\t\t\t\t\t<section class=\"elementor-section elementor-inner-section elementor-element elementor-element-7910e4af elementor-section-content-middle animated-slow elementor-section-boxed elementor-section-height-default elementor-section-height-default elementor-invisible\" data-id=\"7910e4af\" data-element_type=\"section\" data-settings=\"{&quot;animation&quot;:&quot;fadeIn&quot;}\">\n\t\t\t\t\t\t<div class=\"elementor-container elementor-column-gap-default\">\n\t\t\t\t\t<div class=\"elementor-column elementor-col-50 elementor-inner-column elementor-element elementor-element-791f8ec5\" data-id=\"791f8ec5\" data-element_type=\"column\">\n\t\t\t<div class=\"elementor-widget-wrap elementor-element-populated\">\n\t\t\t\t\t\t<div class=\"elementor-element elementor-element-32c0384 elementor-hidden-desktop elementor-widget elementor-widget-spacer\" data-id=\"32c0384\" data-element_type=\"widget\" data-widget_type=\"spacer.default\">\n\t\t\t\t\t\t\t<div class=\"elementor-spacer\">\n\t\t\t<div class=\"elementor-spacer-inner\"><\/div>\n\t\t<\/div>\n\t\t\t\t\t\t<\/div>\n\t\t\t\t<div class=\"elementor-element elementor-element-1505d383 titulos elementor-widget elementor-widget-heading\" data-id=\"1505d383\" data-element_type=\"widget\" data-widget_type=\"heading.default\">\n\t\t\t\t\t<h1 class=\"elementor-heading-title elementor-size-default\">Consultor\u00eda<\/h1>\t\t\t\t<\/div>\n\t\t\t\t<div class=\"elementor-element elementor-element-43b288a3 elementor-widget elementor-widget-text-editor\" data-id=\"43b288a3\" data-element_type=\"widget\" data-widget_type=\"text-editor.default\">\n\t\t\t\t\t\t\t\t\t<p>Si prefer\u00eds vosotros mismos manejar la web e implementar las estrategias.<\/p><p>O si ya ten\u00e9is un profesional que os est\u00e9 haciendo la estrategia de comunicaci\u00f3n y quer\u00e9is una opini\u00f3n m\u00e1s, ofrecemos cursos y\/o por horas con la finalidad de trazar un roadmap (o mapa de acciones) y as\u00ed poder implentarlas.<\/p>\t\t\t\t\t\t\t\t<\/div>\n\t\t\t\t<div class=\"elementor-element elementor-element-c40b095 elementor-align-left no-hover-shadow elementor-widget elementor-widget-button\" data-id=\"c40b095\" data-element_type=\"widget\" data-widget_type=\"button.default\">\n\t\t\t\t\t\t\t\t\t\t<a class=\"elementor-button elementor-button-link elementor-size-sm elementor-animation-float\" href=\"https:\/\/icomuni.cat\/contacte\/\">\n\t\t\t\t\t\t<span class=\"elementor-button-content-wrapper\">\n\t\t\t\t\t\t\t\t\t<span class=\"elementor-button-text\">SOLICITAR CONSULTOR\u00cdA<\/span>\n\t\t\t\t\t<\/span>\n\t\t\t\t\t<\/a>\n\t\t\t\t\t\t\t\t<\/div>\n\t\t\t\t\t<\/div>\n\t\t<\/div>\n\t\t\t\t<div class=\"elementor-column elementor-col-50 elementor-inner-column elementor-element elementor-element-67d93a78\" data-id=\"67d93a78\" data-element_type=\"column\">\n\t\t\t<div class=\"elementor-widget-wrap\">\n\t\t\t\t\t\t\t<\/div>\n\t\t<\/div>\n\t\t\t\t\t<\/div>\n\t\t<\/section>\n\t\t\t\t\t<\/div>\n\t\t<\/div>\n\t\t\t\t\t<\/div>\n\t\t<\/section>\n\t\t\t\t<section class=\"elementor-section elementor-top-section elementor-element elementor-element-2baead2d elementor-section-boxed elementor-section-height-default elementor-section-height-default\" data-id=\"2baead2d\" data-element_type=\"section\" data-settings=\"{&quot;background_background&quot;:&quot;classic&quot;}\">\n\t\t\t\t\t\t\t<div class=\"elementor-background-overlay\"><\/div>\n\t\t\t\t\t\t\t<div class=\"elementor-container elementor-column-gap-default\">\n\t\t\t\t\t<div class=\"elementor-column elementor-col-100 elementor-top-column elementor-element elementor-element-53af63d8\" data-id=\"53af63d8\" data-element_type=\"column\" data-settings=\"{&quot;background_background&quot;:&quot;classic&quot;}\">\n\t\t\t<div class=\"elementor-widget-wrap elementor-element-populated\">\n\t\t\t\t\t<div class=\"elementor-background-overlay\"><\/div>\n\t\t\t\t\t\t<section class=\"elementor-section elementor-inner-section elementor-element elementor-element-63284f92 animated-slow elementor-section-boxed elementor-section-height-default elementor-section-height-default elementor-invisible\" data-id=\"63284f92\" data-element_type=\"section\" data-settings=\"{&quot;animation&quot;:&quot;fadeInLeft&quot;}\">\n\t\t\t\t\t\t\t<div class=\"elementor-background-overlay\"><\/div>\n\t\t\t\t\t\t\t<div class=\"elementor-container elementor-column-gap-default\">\n\t\t\t\t\t<div class=\"elementor-column elementor-col-50 elementor-inner-column elementor-element elementor-element-5c9555ee\" data-id=\"5c9555ee\" data-element_type=\"column\">\n\t\t\t<div class=\"elementor-widget-wrap elementor-element-populated\">\n\t\t\t\t\t\t<div class=\"elementor-element elementor-element-7fdeda62 elementor-widget elementor-widget-heading\" data-id=\"7fdeda62\" data-element_type=\"widget\" data-widget_type=\"heading.default\">\n\t\t\t\t\t<p class=\"elementor-heading-title elementor-size-default\">SEO \/ SEM<\/p>\t\t\t\t<\/div>\n\t\t\t\t<div class=\"elementor-element elementor-element-1f1f0009 titulos-gradent-izquierda elementor-widget elementor-widget-heading\" data-id=\"1f1f0009\" data-element_type=\"widget\" data-widget_type=\"heading.default\">\n\t\t\t\t\t<h2 class=\"elementor-heading-title elementor-size-default\">POSICIONAMIENTO WEB<\/h2>\t\t\t\t<\/div>\n\t\t\t\t<div class=\"elementor-element elementor-element-7d2f1103 elementor-widget elementor-widget-text-editor\" data-id=\"7d2f1103\" data-element_type=\"widget\" data-widget_type=\"text-editor.default\">\n\t\t\t\t\t\t\t\t\t<p>Tanto si quieres mejorar el posicionamiento org\u00e1nico, como el de pago te ayudamos a que puedas trazar una l\u00ednea de trabajo y as\u00ed obtener resultados lo m\u00e1s r\u00e1pido posible. Ya sea que quieras hacer una estrategia a largo plazo o corto, podemos ayudarte.  <\/p>\n\t\t\t\t\t\t\t\t<\/div>\n\t\t\t\t\t<\/div>\n\t\t<\/div>\n\t\t\t\t<div class=\"elementor-column elementor-col-50 elementor-inner-column elementor-element elementor-element-561be712\" data-id=\"561be712\" data-element_type=\"column\">\n\t\t\t<div class=\"elementor-widget-wrap elementor-element-populated\">\n\t\t\t\t\t\t<div class=\"elementor-element elementor-element-4748002 elementor-widget elementor-widget-image\" data-id=\"4748002\" data-element_type=\"widget\" data-widget_type=\"image.default\">\n\t\t\t\t\t\t\t\t\t\t\t\t\t\t\t<img loading=\"lazy\" decoding=\"async\" width=\"1024\" height=\"623\" src=\"https:\/\/icomuni.cat\/wp-content\/uploads\/2021\/06\/jumpstory-download20210610-185731-1024x623.jpg\" class=\"attachment-large size-large wp-image-4940\" alt=\"\" srcset=\"https:\/\/icomuni.cat\/wp-content\/uploads\/2021\/06\/jumpstory-download20210610-185731-1024x623.jpg 1024w, https:\/\/icomuni.cat\/wp-content\/uploads\/2021\/06\/jumpstory-download20210610-185731-600x365.jpg 600w, https:\/\/icomuni.cat\/wp-content\/uploads\/2021\/06\/jumpstory-download20210610-185731-300x183.jpg 300w, https:\/\/icomuni.cat\/wp-content\/uploads\/2021\/06\/jumpstory-download20210610-185731-768x467.jpg 768w, https:\/\/icomuni.cat\/wp-content\/uploads\/2021\/06\/jumpstory-download20210610-185731.jpg 1280w\" sizes=\"auto, (max-width: 1024px) 100vw, 1024px\" \/>\t\t\t\t\t\t\t\t\t\t\t\t\t\t\t<\/div>\n\t\t\t\t\t<\/div>\n\t\t<\/div>\n\t\t\t\t\t<\/div>\n\t\t<\/section>\n\t\t\t\t<section class=\"elementor-section elementor-inner-section elementor-element elementor-element-30bc0106 animated-slow elementor-section-boxed elementor-section-height-default elementor-section-height-default elementor-invisible\" data-id=\"30bc0106\" data-element_type=\"section\" data-settings=\"{&quot;animation&quot;:&quot;fadeInUp&quot;}\">\n\t\t\t\t\t\t<div class=\"elementor-container elementor-column-gap-default\">\n\t\t\t\t\t<div class=\"elementor-column elementor-col-25 elementor-inner-column elementor-element elementor-element-749ac4a6 caja\" data-id=\"749ac4a6\" data-element_type=\"column\" data-settings=\"{&quot;background_background&quot;:&quot;classic&quot;}\">\n\t\t\t<div class=\"elementor-widget-wrap elementor-element-populated\">\n\t\t\t\t\t\t<div class=\"elementor-element elementor-element-30a47d67 elementor-widget elementor-widget-heading\" data-id=\"30a47d67\" data-element_type=\"widget\" data-widget_type=\"heading.default\">\n\t\t\t\t\t<h3 class=\"elementor-heading-title elementor-size-default\"><a href=\"https:\/\/icomuni.cat\/consultoria\/\">CONSULTOR\u00cdA<\/a><\/h3>\t\t\t\t<\/div>\n\t\t\t\t\t<\/div>\n\t\t<\/div>\n\t\t\t\t<div class=\"elementor-column elementor-col-25 elementor-inner-column elementor-element elementor-element-601caf0b caja\" data-id=\"601caf0b\" data-element_type=\"column\" data-settings=\"{&quot;background_background&quot;:&quot;classic&quot;}\">\n\t\t\t<div class=\"elementor-widget-wrap elementor-element-populated\">\n\t\t\t\t\t\t<div class=\"elementor-element elementor-element-42bebe5c elementor-widget elementor-widget-heading\" data-id=\"42bebe5c\" data-element_type=\"widget\" data-widget_type=\"heading.default\">\n\t\t\t\t\t<h3 class=\"elementor-heading-title elementor-size-default\"><a href=\"https:\/\/icomuni.cat\/edicio-i-creacio-de-continguts-copywriting\/\">COPYWRITING<\/a><\/h3>\t\t\t\t<\/div>\n\t\t\t\t\t<\/div>\n\t\t<\/div>\n\t\t\t\t<div class=\"elementor-column elementor-col-25 elementor-inner-column elementor-element elementor-element-3441cdfa caja\" data-id=\"3441cdfa\" data-element_type=\"column\" data-settings=\"{&quot;background_background&quot;:&quot;classic&quot;}\">\n\t\t\t<div class=\"elementor-widget-wrap elementor-element-populated\">\n\t\t\t\t\t\t<div class=\"elementor-element elementor-element-65cb3322 elementor-widget elementor-widget-heading\" data-id=\"65cb3322\" data-element_type=\"widget\" data-widget_type=\"heading.default\">\n\t\t\t\t\t<h3 class=\"elementor-heading-title elementor-size-default\"><a href=\"https:\/\/icomuni.cat\/lopd-rgpd-lssi\/\">LOPD\/RGPD<\/a><\/h3>\t\t\t\t<\/div>\n\t\t\t\t\t<\/div>\n\t\t<\/div>\n\t\t\t\t<div class=\"elementor-column elementor-col-25 elementor-inner-column elementor-element elementor-element-26e63080 caja\" data-id=\"26e63080\" data-element_type=\"column\" data-settings=\"{&quot;background_background&quot;:&quot;classic&quot;}\">\n\t\t\t<div class=\"elementor-widget-wrap elementor-element-populated\">\n\t\t\t\t\t\t<div class=\"elementor-element elementor-element-56ee54c9 elementor-widget elementor-widget-heading\" data-id=\"56ee54c9\" data-element_type=\"widget\" data-widget_type=\"heading.default\">\n\t\t\t\t\t<h3 class=\"elementor-heading-title elementor-size-default\"><a href=\"https:\/\/icomuni.cat\/marqueting-digital\/\">MARKETING<\/a><\/h3>\t\t\t\t<\/div>\n\t\t\t\t\t<\/div>\n\t\t<\/div>\n\t\t\t\t\t<\/div>\n\t\t<\/section>\n\t\t\t\t\t<\/div>\n\t\t<\/div>\n\t\t\t\t\t<\/div>\n\t\t<\/section>\n\t\t\t\t<section class=\"elementor-section elementor-top-section elementor-element elementor-element-beeae7b elementor-section-content-middle elementor-section-boxed elementor-section-height-default elementor-section-height-default\" data-id=\"beeae7b\" data-element_type=\"section\" data-settings=\"{&quot;background_background&quot;:&quot;classic&quot;}\">\n\t\t\t\t\t\t\t<div class=\"elementor-background-overlay\"><\/div>\n\t\t\t\t\t\t\t<div class=\"elementor-container elementor-column-gap-wide\">\n\t\t\t\t\t<div class=\"elementor-column elementor-col-50 elementor-top-column elementor-element elementor-element-9152755 animated-slow elementor-invisible\" data-id=\"9152755\" data-element_type=\"column\" data-settings=\"{&quot;animation&quot;:&quot;slideInLeft&quot;}\">\n\t\t\t<div class=\"elementor-widget-wrap elementor-element-populated\">\n\t\t\t\t\t\t<div class=\"elementor-element elementor-element-dc38473 elementor-widget elementor-widget-heading\" data-id=\"dc38473\" data-element_type=\"widget\" data-widget_type=\"heading.default\">\n\t\t\t\t\t<p class=\"elementor-heading-title elementor-size-default\">Redes Sociales  <\/p>\t\t\t\t<\/div>\n\t\t\t\t<div class=\"elementor-element elementor-element-99187ef animated-fast titulos-gradent-izquierda elementor-widget elementor-widget-heading\" data-id=\"99187ef\" data-element_type=\"widget\" data-settings=\"{&quot;_animation&quot;:&quot;none&quot;}\" data-widget_type=\"heading.default\">\n\t\t\t\t\t<h2 class=\"elementor-heading-title elementor-size-default\">\u00a1Saca el m\u00e1ximo partido!<\/h2>\t\t\t\t<\/div>\n\t\t\t\t<div class=\"elementor-element elementor-element-1bf7614 elementor-widget elementor-widget-text-editor\" data-id=\"1bf7614\" data-element_type=\"widget\" data-widget_type=\"text-editor.default\">\n\t\t\t\t\t\t\t\t\t<p>Te ayudamos a que puedas optimizar el perfil de redes y ya sea instagram, facebook, linkedin, pinterest, twitter o cualquier otra red seguro que podemos ayudar a que entiendas los algoritmos para interactuar, as\u00ed como medir el crecimiento.<\/p>\n\t\t\t\t\t\t\t\t<\/div>\n\t\t\t\t\t<\/div>\n\t\t<\/div>\n\t\t\t\t<div class=\"elementor-column elementor-col-50 elementor-top-column elementor-element elementor-element-7f34405 animated-slow elementor-invisible\" data-id=\"7f34405\" data-element_type=\"column\" data-settings=\"{&quot;background_background&quot;:&quot;classic&quot;,&quot;animation&quot;:&quot;slideInRight&quot;}\">\n\t\t\t<div class=\"elementor-widget-wrap elementor-element-populated\">\n\t\t\t\t\t<div class=\"elementor-background-overlay\"><\/div>\n\t\t\t\t\t\t<div class=\"elementor-element elementor-element-1e89fde elementor-widget elementor-widget-image\" data-id=\"1e89fde\" data-element_type=\"widget\" data-widget_type=\"image.default\">\n\t\t\t\t\t\t\t\t\t\t\t\t\t\t\t<img loading=\"lazy\" decoding=\"async\" width=\"1024\" height=\"683\" src=\"https:\/\/icomuni.cat\/wp-content\/uploads\/2021\/06\/Isometric-Social-Network-Dating-Online-Illustration-1024x683.jpg\" class=\"attachment-large size-large wp-image-4941\" alt=\"xarxes socials\" srcset=\"https:\/\/icomuni.cat\/wp-content\/uploads\/2021\/06\/Isometric-Social-Network-Dating-Online-Illustration-1024x683.jpg 1024w, https:\/\/icomuni.cat\/wp-content\/uploads\/2021\/06\/Isometric-Social-Network-Dating-Online-Illustration-600x400.jpg 600w, https:\/\/icomuni.cat\/wp-content\/uploads\/2021\/06\/Isometric-Social-Network-Dating-Online-Illustration-300x200.jpg 300w, https:\/\/icomuni.cat\/wp-content\/uploads\/2021\/06\/Isometric-Social-Network-Dating-Online-Illustration-768x512.jpg 768w, https:\/\/icomuni.cat\/wp-content\/uploads\/2021\/06\/Isometric-Social-Network-Dating-Online-Illustration-1536x1024.jpg 1536w, https:\/\/icomuni.cat\/wp-content\/uploads\/2021\/06\/Isometric-Social-Network-Dating-Online-Illustration-2048x1365.jpg 2048w\" sizes=\"auto, (max-width: 1024px) 100vw, 1024px\" \/>\t\t\t\t\t\t\t\t\t\t\t\t\t\t\t<\/div>\n\t\t\t\t\t<\/div>\n\t\t<\/div>\n\t\t\t\t\t<\/div>\n\t\t<\/section>\n\t\t\t\t<section class=\"elementor-section elementor-top-section elementor-element elementor-element-143743e elementor-section-content-middle elementor-section-boxed elementor-section-height-default elementor-section-height-default\" data-id=\"143743e\" data-element_type=\"section\" data-settings=\"{&quot;background_background&quot;:&quot;classic&quot;}\">\n\t\t\t\t\t\t\t<div class=\"elementor-background-overlay\"><\/div>\n\t\t\t\t\t\t\t<div class=\"elementor-container elementor-column-gap-wide\">\n\t\t\t\t\t<div class=\"elementor-column elementor-col-50 elementor-top-column elementor-element elementor-element-11e8a01 animated-slow elementor-invisible\" data-id=\"11e8a01\" data-element_type=\"column\" data-settings=\"{&quot;background_background&quot;:&quot;classic&quot;,&quot;animation&quot;:&quot;slideInRight&quot;}\">\n\t\t\t<div class=\"elementor-widget-wrap elementor-element-populated\">\n\t\t\t\t\t<div class=\"elementor-background-overlay\"><\/div>\n\t\t\t\t\t\t<div class=\"elementor-element elementor-element-c52a6ad elementor-hidden-mobile elementor-widget elementor-widget-image\" data-id=\"c52a6ad\" data-element_type=\"widget\" data-widget_type=\"image.default\">\n\t\t\t\t\t\t\t\t\t\t\t\t\t\t\t<img loading=\"lazy\" decoding=\"async\" width=\"819\" height=\"1024\" src=\"https:\/\/icomuni.cat\/wp-content\/uploads\/2025\/02\/1-3-819x1024.png\" class=\"attachment-large size-large wp-image-5800\" alt=\"\" srcset=\"https:\/\/icomuni.cat\/wp-content\/uploads\/2025\/02\/1-3-819x1024.png 819w, https:\/\/icomuni.cat\/wp-content\/uploads\/2025\/02\/1-3-240x300.png 240w, https:\/\/icomuni.cat\/wp-content\/uploads\/2025\/02\/1-3-768x960.png 768w, https:\/\/icomuni.cat\/wp-content\/uploads\/2025\/02\/1-3-600x750.png 600w, https:\/\/icomuni.cat\/wp-content\/uploads\/2025\/02\/1-3.png 1080w\" sizes=\"auto, (max-width: 819px) 100vw, 819px\" \/>\t\t\t\t\t\t\t\t\t\t\t\t\t\t\t<\/div>\n\t\t\t\t\t<\/div>\n\t\t<\/div>\n\t\t\t\t<div class=\"elementor-column elementor-col-50 elementor-top-column elementor-element elementor-element-7c1a52e animated-slow elementor-invisible\" data-id=\"7c1a52e\" data-element_type=\"column\" data-settings=\"{&quot;animation&quot;:&quot;slideInLeft&quot;}\">\n\t\t\t<div class=\"elementor-widget-wrap elementor-element-populated\">\n\t\t\t\t\t\t<div class=\"elementor-element elementor-element-65352a1 elementor-widget elementor-widget-heading\" data-id=\"65352a1\" data-element_type=\"widget\" data-widget_type=\"heading.default\">\n\t\t\t\t\t<p class=\"elementor-heading-title elementor-size-default\">Inteligencia Artificial<\/p>\t\t\t\t<\/div>\n\t\t\t\t<div class=\"elementor-element elementor-element-a74ab57 animated-fast titulos-gradent-izquierda elementor-widget elementor-widget-heading\" data-id=\"a74ab57\" data-element_type=\"widget\" data-settings=\"{&quot;_animation&quot;:&quot;none&quot;}\" data-widget_type=\"heading.default\">\n\t\t\t\t\t<h2 class=\"elementor-heading-title elementor-size-default\">Domina la IA como un Profesional<\/h2>\t\t\t\t<\/div>\n\t\t\t\t<div class=\"elementor-element elementor-element-ba91baf elementor-widget elementor-widget-text-editor\" data-id=\"ba91baf\" data-element_type=\"widget\" data-widget_type=\"text-editor.default\">\n\t\t\t\t\t\t\t\t\t<p>Automatiza tareas repetitivas y ahorrar tiempo<br \/>Gestiona redes sociales, marketing y clientes sin esfuerzo<br \/>Aplica IA en contenido, ventas y procesos empresariales<\/p>\t\t\t\t\t\t\t\t<\/div>\n\t\t\t\t<div class=\"elementor-element elementor-element-642c54a elementor-hidden-desktop elementor-hidden-tablet elementor-widget elementor-widget-image\" data-id=\"642c54a\" data-element_type=\"widget\" data-widget_type=\"image.default\">\n\t\t\t\t\t\t\t\t\t\t\t\t\t\t\t<img loading=\"lazy\" decoding=\"async\" width=\"819\" height=\"1024\" src=\"https:\/\/icomuni.cat\/wp-content\/uploads\/2025\/02\/1-3-819x1024.png\" class=\"attachment-large size-large wp-image-5800\" alt=\"\" srcset=\"https:\/\/icomuni.cat\/wp-content\/uploads\/2025\/02\/1-3-819x1024.png 819w, https:\/\/icomuni.cat\/wp-content\/uploads\/2025\/02\/1-3-240x300.png 240w, https:\/\/icomuni.cat\/wp-content\/uploads\/2025\/02\/1-3-768x960.png 768w, https:\/\/icomuni.cat\/wp-content\/uploads\/2025\/02\/1-3-600x750.png 600w, https:\/\/icomuni.cat\/wp-content\/uploads\/2025\/02\/1-3.png 1080w\" sizes=\"auto, (max-width: 819px) 100vw, 819px\" \/>\t\t\t\t\t\t\t\t\t\t\t\t\t\t\t<\/div>\n\t\t\t\t\t<\/div>\n\t\t<\/div>\n\t\t\t\t\t<\/div>\n\t\t<\/section>\n\t\t\t\t<\/div>\n\t\t","protected":false},"excerpt":{"rendered":"","protected":false},"author":1,"featured_media":0,"parent":0,"menu_order":0,"comment_status":"closed","ping_status":"closed","template":"","meta":{"content-type":"","inline_featured_image":false,"footnotes":""},"class_list":{"0":"post-5462","1":"page","2":"type-page","3":"status-publish","5":"no-featured-image-padding"},"aioseo_notices":[],"_links":{"self":[{"href":"https:\/\/icomuni.cat\/es\/wp-json\/wp\/v2\/pages\/5462","targetHints":{"allow":["GET"]}}],"collection":[{"href":"https:\/\/icomuni.cat\/es\/wp-json\/wp\/v2\/pages"}],"about":[{"href":"https:\/\/icomuni.cat\/es\/wp-json\/wp\/v2\/types\/page"}],"author":[{"embeddable":true,"href":"https:\/\/icomuni.cat\/es\/wp-json\/wp\/v2\/users\/1"}],"replies":[{"embeddable":true,"href":"https:\/\/icomuni.cat\/es\/wp-json\/wp\/v2\/comments?post=5462"}],"version-history":[{"count":23,"href":"https:\/\/icomuni.cat\/es\/wp-json\/wp\/v2\/pages\/5462\/revisions"}],"predecessor-version":[{"id":7280,"href":"https:\/\/icomuni.cat\/es\/wp-json\/wp\/v2\/pages\/5462\/revisions\/7280"}],"wp:attachment":[{"href":"https:\/\/icomuni.cat\/es\/wp-json\/wp\/v2\/media?parent=5462"}],"curies":[{"name":"wp","href":"https:\/\/api.w.org\/{rel}","templated":true}]}}