{"id":5460,"date":"2021-05-24T16:49:47","date_gmt":"2021-05-24T14:49:47","guid":{"rendered":"https:\/\/icomuni.cat\/lopd-rgpd\/"},"modified":"2025-02-18T13:54:11","modified_gmt":"2025-02-18T11:54:11","slug":"lopd-rgpd","status":"publish","type":"page","link":"https:\/\/icomuni.cat\/es\/lopd-rgpd\/","title":{"rendered":"LOPD \/ RGPD"},"content":{"rendered":"\t\t<div data-elementor-type=\"wp-page\" data-elementor-id=\"5460\" class=\"elementor elementor-5460 elementor-4858\" data-elementor-post-type=\"page\">\n\t\t\t\t\t\t<section class=\"elementor-section elementor-top-section elementor-element elementor-element-a0da9f2 elementor-section-content-middle overflow-x-hidden elementor-section-full_width elementor-section-height-default elementor-section-height-default\" data-id=\"a0da9f2\" data-element_type=\"section\" data-settings=\"{&quot;background_background&quot;:&quot;classic&quot;}\">\n\t\t\t\t\t\t\t<div class=\"elementor-background-overlay\"><\/div>\n\t\t\t\t\t\t\t<div class=\"elementor-container elementor-column-gap-default\">\n\t\t\t\t\t<div class=\"elementor-column elementor-col-100 elementor-top-column elementor-element elementor-element-6f49ee47\" data-id=\"6f49ee47\" data-element_type=\"column\">\n\t\t\t<div class=\"elementor-widget-wrap elementor-element-populated\">\n\t\t\t\t\t\t<section class=\"elementor-section elementor-inner-section elementor-element elementor-element-7910e4af elementor-section-content-middle animated-slow elementor-section-boxed elementor-section-height-default elementor-section-height-default elementor-invisible\" data-id=\"7910e4af\" data-element_type=\"section\" data-settings=\"{&quot;animation&quot;:&quot;fadeIn&quot;}\">\n\t\t\t\t\t\t<div class=\"elementor-container elementor-column-gap-default\">\n\t\t\t\t\t<div class=\"elementor-column elementor-col-50 elementor-inner-column elementor-element elementor-element-791f8ec5\" data-id=\"791f8ec5\" data-element_type=\"column\">\n\t\t\t<div class=\"elementor-widget-wrap elementor-element-populated\">\n\t\t\t\t\t\t<div class=\"elementor-element elementor-element-a604a2f elementor-hidden-desktop elementor-widget elementor-widget-spacer\" data-id=\"a604a2f\" data-element_type=\"widget\" data-widget_type=\"spacer.default\">\n\t\t\t\t\t\t\t<div class=\"elementor-spacer\">\n\t\t\t<div class=\"elementor-spacer-inner\"><\/div>\n\t\t<\/div>\n\t\t\t\t\t\t<\/div>\n\t\t\t\t<div class=\"elementor-element elementor-element-1505d383 titulos-gradent-izquierda elementor-widget elementor-widget-heading\" data-id=\"1505d383\" data-element_type=\"widget\" data-widget_type=\"heading.default\">\n\t\t\t\t\t<h1 class=\"elementor-heading-title elementor-size-default\">Cumple con LOPD\/RGPD<\/h1>\t\t\t\t<\/div>\n\t\t\t\t<div class=\"elementor-element elementor-element-43b288a3 elementor-widget elementor-widget-text-editor\" data-id=\"43b288a3\" data-element_type=\"widget\" data-widget_type=\"text-editor.default\">\n\t\t\t\t\t\t\t\t\tLo m\u00e1s seguro que os enfada lo mismo que a nosotros tener que hacer todo el tr\u00e1mite burocr\u00e1tico de una web.\n\nPero hay que hacerlo.\n\nPor esta raz\u00f3n colaboramos con una empresa que maneja los ficheros de la AEPD con eficiencia, rapidez y con unos precios muy competitivos.\n\nPreg\u00fantanos por tu web ya sea por mantenimiento o creaci\u00f3n desde cero. Tambi\u00e9n los puedes contratar como Delegados de Protecci\u00f3n de Datos o pedirles cursos de formaci\u00f3n.\t\t\t\t\t\t\t\t<\/div>\n\t\t\t\t<div class=\"elementor-element elementor-element-fa96c4f elementor-align-left no-hover-shadow elementor-widget elementor-widget-button\" data-id=\"fa96c4f\" data-element_type=\"widget\" data-widget_type=\"button.default\">\n\t\t\t\t\t\t\t\t\t\t<a class=\"elementor-button elementor-button-link elementor-size-sm elementor-animation-float\" href=\"https:\/\/icomuni.cat\/contacte\/\">\n\t\t\t\t\t\t<span class=\"elementor-button-content-wrapper\">\n\t\t\t\t\t\t\t\t\t<span class=\"elementor-button-text\">SOLICITAR PRESUPUESTO LOPD\/RPGD<\/span>\n\t\t\t\t\t<\/span>\n\t\t\t\t\t<\/a>\n\t\t\t\t\t\t\t\t<\/div>\n\t\t\t\t\t<\/div>\n\t\t<\/div>\n\t\t\t\t<div class=\"elementor-column elementor-col-50 elementor-inner-column elementor-element elementor-element-67d93a78\" data-id=\"67d93a78\" data-element_type=\"column\">\n\t\t\t<div class=\"elementor-widget-wrap elementor-element-populated\">\n\t\t\t\t\t\t<div class=\"elementor-element elementor-element-9105391 elementor-widget elementor-widget-image\" data-id=\"9105391\" data-element_type=\"widget\" data-widget_type=\"image.default\">\n\t\t\t\t\t\t\t\t\t\t\t\t\t\t\t<img loading=\"lazy\" decoding=\"async\" width=\"1024\" height=\"540\" src=\"https:\/\/icomuni.cat\/wp-content\/uploads\/2021\/06\/tiny6-01-1024x540.jpg\" class=\"attachment-large size-large wp-image-4934\" alt=\"legal\" srcset=\"https:\/\/icomuni.cat\/wp-content\/uploads\/2021\/06\/tiny6-01-1024x540.jpg 1024w, https:\/\/icomuni.cat\/wp-content\/uploads\/2021\/06\/tiny6-01-scaled-600x316.jpg 600w, https:\/\/icomuni.cat\/wp-content\/uploads\/2021\/06\/tiny6-01-300x158.jpg 300w, https:\/\/icomuni.cat\/wp-content\/uploads\/2021\/06\/tiny6-01-768x405.jpg 768w, https:\/\/icomuni.cat\/wp-content\/uploads\/2021\/06\/tiny6-01-1536x810.jpg 1536w, https:\/\/icomuni.cat\/wp-content\/uploads\/2021\/06\/tiny6-01-2048x1080.jpg 2048w\" sizes=\"auto, (max-width: 1024px) 100vw, 1024px\" \/>\t\t\t\t\t\t\t\t\t\t\t\t\t\t\t<\/div>\n\t\t\t\t\t<\/div>\n\t\t<\/div>\n\t\t\t\t\t<\/div>\n\t\t<\/section>\n\t\t\t\t\t<\/div>\n\t\t<\/div>\n\t\t\t\t\t<\/div>\n\t\t<\/section>\n\t\t\t\t<\/div>\n\t\t","protected":false},"excerpt":{"rendered":"","protected":false},"author":1,"featured_media":0,"parent":0,"menu_order":0,"comment_status":"closed","ping_status":"closed","template":"","meta":{"content-type":"","inline_featured_image":false,"footnotes":""},"class_list":{"0":"post-5460","1":"page","2":"type-page","3":"status-publish","5":"no-featured-image-padding"},"aioseo_notices":[],"_links":{"self":[{"href":"https:\/\/icomuni.cat\/es\/wp-json\/wp\/v2\/pages\/5460","targetHints":{"allow":["GET"]}}],"collection":[{"href":"https:\/\/icomuni.cat\/es\/wp-json\/wp\/v2\/pages"}],"about":[{"href":"https:\/\/icomuni.cat\/es\/wp-json\/wp\/v2\/types\/page"}],"author":[{"embeddable":true,"href":"https:\/\/icomuni.cat\/es\/wp-json\/wp\/v2\/users\/1"}],"replies":[{"embeddable":true,"href":"https:\/\/icomuni.cat\/es\/wp-json\/wp\/v2\/comments?post=5460"}],"version-history":[{"count":11,"href":"https:\/\/icomuni.cat\/es\/wp-json\/wp\/v2\/pages\/5460\/revisions"}],"predecessor-version":[{"id":5956,"href":"https:\/\/icomuni.cat\/es\/wp-json\/wp\/v2\/pages\/5460\/revisions\/5956"}],"wp:attachment":[{"href":"https:\/\/icomuni.cat\/es\/wp-json\/wp\/v2\/media?parent=5460"}],"curies":[{"name":"wp","href":"https:\/\/api.w.org\/{rel}","templated":true}]}}